{"id":6,"date":"2024-05-07T18:11:26","date_gmt":"2024-05-07T18:11:26","guid":{"rendered":"https:\/\/www.zyft.fi\/?page_id=6"},"modified":"2024-05-07T18:11:26","modified_gmt":"2024-05-07T18:11:26","slug":"etusivu","status":"publish","type":"page","link":"https:\/\/www.zyft.fi\/","title":{"rendered":"Etusivu"},"content":{"rendered":"\n<p>Tervetuloa sivustollesi! T\u00e4m\u00e4 on etusivusi, jonka suurin osa sivustosi vierailijoista n\u00e4kee saapuessaan sivustollesi ensimm\u00e4ist\u00e4 kertaa.<\/p>\n","protected":false},"excerpt":{"rendered":"<p>Tervetuloa sivustollesi! T\u00e4m\u00e4 on etusivusi, jonka suurin osa sivustosi vierailijoista n\u00e4kee saapuessaan sivustollesi ensimm\u00e4ist\u00e4 kertaa.<\/p>\n","protected":false},"author":1,"featured_media":0,"parent":0,"menu_order":0,"comment_status":"closed","ping_status":"closed","template":"","meta":{"footnotes":""},"_links":{"self":[{"href":"https:\/\/www.zyft.fi\/index.php\/wp-json\/wp\/v2\/pages\/6"}],"collection":[{"href":"https:\/\/www.zyft.fi\/index.php\/wp-json\/wp\/v2\/pages"}],"about":[{"href":"https:\/\/www.zyft.fi\/index.php\/wp-json\/wp\/v2\/types\/page"}],"author":[{"embeddable":true,"href":"https:\/\/www.zyft.fi\/index.php\/wp-json\/wp\/v2\/users\/1"}],"replies":[{"embeddable":true,"href":"https:\/\/www.zyft.fi\/index.php\/wp-json\/wp\/v2\/comments?post=6"}],"version-history":[{"count":1,"href":"https:\/\/www.zyft.fi\/index.php\/wp-json\/wp\/v2\/pages\/6\/revisions"}],"predecessor-version":[{"id":9,"href":"https:\/\/www.zyft.fi\/index.php\/wp-json\/wp\/v2\/pages\/6\/revisions\/9"}],"wp:attachment":[{"href":"https:\/\/www.zyft.fi\/index.php\/wp-json\/wp\/v2\/media?parent=6"}],"curies":[{"name":"wp","href":"https:\/\/api.w.org\/{rel}","templated":true}]}}